{"id":20,"date":"2024-01-31T04:45:54","date_gmt":"2024-01-31T04:45:54","guid":{"rendered":"https:\/\/cozystay.loftocean.com\/mountain-hotel\/?page_id=20"},"modified":"2024-05-24T10:39:28","modified_gmt":"2024-05-24T10:39:28","slug":"blog","status":"publish","type":"page","link":"https:\/\/ceibabissau.com\/es\/blog\/","title":{"rendered":"Nuestro Blog"},"content":{"rendered":"\t\t<div data-elementor-type=\"wp-page\" data-elementor-id=\"20\" class=\"elementor elementor-20\">\n\t\t\t\t\t\t<section class=\"elementor-section elementor-top-section elementor-element elementor-element-178b3756 cs-section-content-fullwidth elementor-section-boxed elementor-section-height-default elementor-section-height-default\" data-id=\"178b3756\" data-element_type=\"section\" data-e-type=\"section\" data-settings=\"{&quot;background_background&quot;:&quot;classic&quot;}\">\n\t\t\t\t\t\t\t<div class=\"elementor-background-overlay\"><\/div>\n\t\t\t\t\t\t\t<div class=\"elementor-container elementor-column-gap-no\">\n\t\t\t\t\t<div class=\"elementor-column elementor-col-100 elementor-top-column elementor-element elementor-element-2d8b3cfe dark-color\" data-id=\"2d8b3cfe\" data-element_type=\"column\" data-e-type=\"column\">\n\t\t\t<div class=\"elementor-widget-wrap elementor-element-populated\">\n\t\t\t\t\t\t<div class=\"elementor-element elementor-element-406c1f1 elementor-widget elementor-widget-cs_title\" data-id=\"406c1f1\" data-element_type=\"widget\" data-e-type=\"widget\" data-widget_type=\"cs_title.default\">\n\t\t\t\t<div class=\"elementor-widget-container\">\n\t\t\t\t\t\n        <div class=\"cs-title-wrap text-center\">\t            <h1 class=\"cs-title\">\n\t                Nuestro Blog\t            <\/h1>\t            <div class=\"cs-title-text\">\n\t                <p>Descubre lo m\u00e1s reciente: noticias, eventos del hotel y art\u00edculos destacados en esta secci\u00f3n.<\/p>\t            <\/div>        <\/div>\t\t\t\t<\/div>\n\t\t\t\t<\/div>\n\t\t\t\t\t<\/div>\n\t\t<\/div>\n\t\t\t\t\t<\/div>\n\t\t<\/section>\n\t\t\t\t<section class=\"elementor-section elementor-top-section elementor-element elementor-element-6330fbd elementor-section-boxed elementor-section-height-default elementor-section-height-default\" data-id=\"6330fbd\" data-element_type=\"section\" data-e-type=\"section\">\n\t\t\t\t\t\t<div class=\"elementor-container elementor-column-gap-no\">\n\t\t\t\t\t<div class=\"elementor-column elementor-col-100 elementor-top-column elementor-element elementor-element-c0e7254\" data-id=\"c0e7254\" data-element_type=\"column\" data-e-type=\"column\">\n\t\t\t<div class=\"elementor-widget-wrap elementor-element-populated\">\n\t\t\t\t\t\t<div class=\"elementor-element elementor-element-0256065 elementor-widget elementor-widget-cs_blog\" data-id=\"0256065\" data-element_type=\"widget\" data-e-type=\"widget\" data-widget_type=\"cs_blog.default\">\n\t\t\t\t<div class=\"elementor-widget-container\">\n\t\t\t\t\t\t\t\t\t<div class=\"posts layout-grid column-2 img-ratio-3-2\" data-settings='{\"query\":{\"paged\":1,\"posts_per_page\":\"10\",\"ignore_sticky_posts\":true,\"post_type\":\"post\",\"post_status\":\"publish\"},\"settings\":{\"layout\":\"grid\",\"columns\":\"2\",\"post_meta\":[\"excerpt\",\"read_more_btn\",\"category\",\"date\"],\"page_layout\":\"\",\"pagination\":\"ajax-manual\",\"archive_page\":\"elementor\"}}'>\n\t\t\t\t\t\t\t\t\t<div class=\"posts-wrapper\">\n<article class=\"post-142 post type-post status-publish format-standard has-post-thumbnail hentry category-ceibabissau\">\n            <div class=\"featured-img\">\n        \t<a href=\"https:\/\/ceibabissau.com\/es\/carnavales-de-bissau-celebrando-la-diversidad-y-la-cultura\/\"><img fetchpriority=\"high\" decoding=\"async\" width=\"780\" height=\"439\" src=\"https:\/\/ceibabissau.com\/es\/wp-content\/uploads\/carnaval-guine-bissau-4-780x439.webp\" class=\"attachment-cozystay_780x9999 size-cozystay_780x9999 wp-post-image image-layout-grid-column-2\" alt=\"\" srcset=\"https:\/\/ceibabissau.com\/es\/wp-content\/uploads\/carnaval-guine-bissau-4-780x439.webp 780w, https:\/\/ceibabissau.com\/es\/wp-content\/uploads\/carnaval-guine-bissau-4-300x169.webp 300w, https:\/\/ceibabissau.com\/es\/wp-content\/uploads\/carnaval-guine-bissau-4-1024x576.webp 1024w, https:\/\/ceibabissau.com\/es\/wp-content\/uploads\/carnaval-guine-bissau-4-150x84.webp 150w, https:\/\/ceibabissau.com\/es\/wp-content\/uploads\/carnaval-guine-bissau-4-768x432.webp 768w, https:\/\/ceibabissau.com\/es\/wp-content\/uploads\/carnaval-guine-bissau-4-1536x864.webp 1536w, https:\/\/ceibabissau.com\/es\/wp-content\/uploads\/carnaval-guine-bissau-4-1440x810.webp 1440w, https:\/\/ceibabissau.com\/es\/wp-content\/uploads\/carnaval-guine-bissau-4-1200x675.webp 1200w, https:\/\/ceibabissau.com\/es\/wp-content\/uploads\/carnaval-guine-bissau-4-600x338.webp 600w, https:\/\/ceibabissau.com\/es\/wp-content\/uploads\/carnaval-guine-bissau-4-550x309.webp 550w, https:\/\/ceibabissau.com\/es\/wp-content\/uploads\/carnaval-guine-bissau-4-370x208.webp 370w, https:\/\/ceibabissau.com\/es\/wp-content\/uploads\/carnaval-guine-bissau-4-255x143.webp 255w, https:\/\/ceibabissau.com\/es\/wp-content\/uploads\/carnaval-guine-bissau-4.webp 1920w\" sizes=\"(max-width: 780px) 100vw, 780px\" \/><\/a>            <div class=\"overlay-label time-label featured-style\">\n                <div class=\"meta-item time\">\n                    <time class=\"published\" datetime=\"2023-04-28T08:50:29+00:00\">\n                        <span class=\"month\">Abr<\/span> <span class=\"day\">28<\/span>\n                    <\/time>\n                <\/div>\n            <\/div>        <\/div>\n    <div class=\"post-content\">\n        <header class=\"post-header\">            <div class=\"meta-wrap\">\t\t\t<div class=\"cat-links\"><a href=\"https:\/\/ceibabissau.com\/es\/category\/ceibabissau\/\" rel=\"tag\">CeibaBissau<\/a><\/div>            <\/div>    <h2 class=\"post-title\">\n        <a href=\"https:\/\/ceibabissau.com\/es\/carnavales-de-bissau-celebrando-la-diversidad-y-la-cultura\/\">Carnavales: Diversidad y la Cultura<\/a>\n    <\/h2>        <\/header>\t\t<div class=\"post-excerpt\"><p>Carnavales de Guinea Bissau: Un Espect\u00e1culo de Diversidad y Cultura Introducci\u00f3n a la Fiesta de Colores y Tradiciones Los carnavales en Guinea Bissau son una &#8230;<\/p>\n<\/div>             <footer class=\"post-footer\">        <div class=\"more-btn\">\n            <a class=\"read-more-btn button cs-btn-underline\" href=\"https:\/\/ceibabissau.com\/es\/carnavales-de-bissau-celebrando-la-diversidad-y-la-cultura\/\"><span>Leer M\u00e1s<\/span><\/a>\n        <\/div>            <\/footer>    <\/div>\n<\/article>\n\n<article class=\"post-149 post type-post status-publish format-standard has-post-thumbnail hentry category-ceibabissau\">\n            <div class=\"featured-img\">\n        \t<a href=\"https:\/\/ceibabissau.com\/es\/hipopotamos-de-agua-salada\/\"><img decoding=\"async\" width=\"780\" height=\"520\" src=\"https:\/\/ceibabissau.com\/es\/wp-content\/uploads\/hipopotamos-780x520.jpg\" class=\"attachment-cozystay_780x9999 size-cozystay_780x9999 wp-post-image image-layout-grid-column-2\" alt=\"\" srcset=\"https:\/\/ceibabissau.com\/es\/wp-content\/uploads\/hipopotamos-780x520.jpg 780w, https:\/\/ceibabissau.com\/es\/wp-content\/uploads\/hipopotamos-300x200.jpg 300w, https:\/\/ceibabissau.com\/es\/wp-content\/uploads\/hipopotamos-1024x683.jpg 1024w, https:\/\/ceibabissau.com\/es\/wp-content\/uploads\/hipopotamos-150x100.jpg 150w, https:\/\/ceibabissau.com\/es\/wp-content\/uploads\/hipopotamos-768x512.jpg 768w, https:\/\/ceibabissau.com\/es\/wp-content\/uploads\/hipopotamos-600x400.jpg 600w, https:\/\/ceibabissau.com\/es\/wp-content\/uploads\/hipopotamos-550x367.jpg 550w, https:\/\/ceibabissau.com\/es\/wp-content\/uploads\/hipopotamos-370x247.jpg 370w, https:\/\/ceibabissau.com\/es\/wp-content\/uploads\/hipopotamos-255x170.jpg 255w, https:\/\/ceibabissau.com\/es\/wp-content\/uploads\/hipopotamos.jpg 1190w\" sizes=\"(max-width: 780px) 100vw, 780px\" \/><\/a>            <div class=\"overlay-label time-label featured-style\">\n                <div class=\"meta-item time\">\n                    <time class=\"published\" datetime=\"2023-04-19T07:08:07+00:00\">\n                        <span class=\"month\">Abr<\/span> <span class=\"day\">19<\/span>\n                    <\/time>\n                <\/div>\n            <\/div>        <\/div>\n    <div class=\"post-content\">\n        <header class=\"post-header\">            <div class=\"meta-wrap\">\t\t\t<div class=\"cat-links\"><a href=\"https:\/\/ceibabissau.com\/es\/category\/ceibabissau\/\" rel=\"tag\">CeibaBissau<\/a><\/div>            <\/div>    <h2 class=\"post-title\">\n        <a href=\"https:\/\/ceibabissau.com\/es\/hipopotamos-de-agua-salada\/\">Hipop\u00f3tamos de Agua Salada<\/a>\n    <\/h2>        <\/header>\t\t<div class=\"post-excerpt\"><p>Hipop\u00f3tamos Marinos en la Isla de Orango \u2013 Guinea Bissau Introducci\u00f3n a la Fauna de Guinea Bissau Guinea Bissau, un pa\u00eds situado en la costa &#8230;<\/p>\n<\/div>             <footer class=\"post-footer\">        <div class=\"more-btn\">\n            <a class=\"read-more-btn button cs-btn-underline\" href=\"https:\/\/ceibabissau.com\/es\/hipopotamos-de-agua-salada\/\"><span>Leer M\u00e1s<\/span><\/a>\n        <\/div>            <\/footer>    <\/div>\n<\/article>\n\n<article class=\"post-146 post type-post status-publish format-standard has-post-thumbnail hentry category-ceibabissau\">\n            <div class=\"featured-img\">\n        \t<a href=\"https:\/\/ceibabissau.com\/es\/el-oro-verde-de-guinea-bissau\/\"><img decoding=\"async\" width=\"780\" height=\"439\" src=\"https:\/\/ceibabissau.com\/es\/wp-content\/uploads\/slider-03-780x439.jpg\" class=\"attachment-cozystay_780x9999 size-cozystay_780x9999 wp-post-image image-layout-grid-column-2\" alt=\"\" srcset=\"https:\/\/ceibabissau.com\/es\/wp-content\/uploads\/slider-03-780x439.jpg 780w, https:\/\/ceibabissau.com\/es\/wp-content\/uploads\/slider-03-300x169.jpg 300w, https:\/\/ceibabissau.com\/es\/wp-content\/uploads\/slider-03-1024x576.jpg 1024w, https:\/\/ceibabissau.com\/es\/wp-content\/uploads\/slider-03-150x84.jpg 150w, https:\/\/ceibabissau.com\/es\/wp-content\/uploads\/slider-03-768x432.jpg 768w, https:\/\/ceibabissau.com\/es\/wp-content\/uploads\/slider-03-1536x864.jpg 1536w, https:\/\/ceibabissau.com\/es\/wp-content\/uploads\/slider-03-1440x810.jpg 1440w, https:\/\/ceibabissau.com\/es\/wp-content\/uploads\/slider-03-1200x675.jpg 1200w, https:\/\/ceibabissau.com\/es\/wp-content\/uploads\/slider-03-600x338.jpg 600w, https:\/\/ceibabissau.com\/es\/wp-content\/uploads\/slider-03-550x309.jpg 550w, https:\/\/ceibabissau.com\/es\/wp-content\/uploads\/slider-03-370x208.jpg 370w, https:\/\/ceibabissau.com\/es\/wp-content\/uploads\/slider-03-255x143.jpg 255w, https:\/\/ceibabissau.com\/es\/wp-content\/uploads\/slider-03.jpg 1920w\" sizes=\"(max-width: 780px) 100vw, 780px\" \/><\/a>            <div class=\"overlay-label time-label featured-style\">\n                <div class=\"meta-item time\">\n                    <time class=\"published\" datetime=\"2023-04-15T07:00:04+00:00\">\n                        <span class=\"month\">Abr<\/span> <span class=\"day\">15<\/span>\n                    <\/time>\n                <\/div>\n            <\/div>        <\/div>\n    <div class=\"post-content\">\n        <header class=\"post-header\">            <div class=\"meta-wrap\">\t\t\t<div class=\"cat-links\"><a href=\"https:\/\/ceibabissau.com\/es\/category\/ceibabissau\/\" rel=\"tag\">CeibaBissau<\/a><\/div>            <\/div>    <h2 class=\"post-title\">\n        <a href=\"https:\/\/ceibabissau.com\/es\/el-oro-verde-de-guinea-bissau\/\">El Oro Verde de Guinea Bissau<\/a>\n    <\/h2>        <\/header>\t\t<div class=\"post-excerpt\"><p>Anacardos en Guinea Bissau: Una Joya Agr\u00edcola en el Coraz\u00f3n de \u00c1frica Introducci\u00f3n al Oro Verde de Guinea Bissau Guinea Bissau, un pa\u00eds fascinante ubicado &#8230;<\/p>\n<\/div>             <footer class=\"post-footer\">        <div class=\"more-btn\">\n            <a class=\"read-more-btn button cs-btn-underline\" href=\"https:\/\/ceibabissau.com\/es\/el-oro-verde-de-guinea-bissau\/\"><span>Leer M\u00e1s<\/span><\/a>\n        <\/div>            <\/footer>    <\/div>\n<\/article>\n\n<article class=\"post-137 post type-post status-publish format-standard has-post-thumbnail hentry category-ceibabissau\">\n            <div class=\"featured-img\">\n        \t<a href=\"https:\/\/ceibabissau.com\/es\/el-espectaculo-anual-de-las-tortugas-marinas-de-guinea-bissau\/\"><img loading=\"lazy\" decoding=\"async\" width=\"780\" height=\"438\" src=\"https:\/\/ceibabissau.com\/es\/wp-content\/uploads\/DESOVE-TORTUGAS-780x438.jpg\" class=\"attachment-cozystay_780x9999 size-cozystay_780x9999 wp-post-image image-layout-grid-column-2\" alt=\"\" srcset=\"https:\/\/ceibabissau.com\/es\/wp-content\/uploads\/DESOVE-TORTUGAS-780x438.jpg 780w, https:\/\/ceibabissau.com\/es\/wp-content\/uploads\/DESOVE-TORTUGAS-300x169.jpg 300w, https:\/\/ceibabissau.com\/es\/wp-content\/uploads\/DESOVE-TORTUGAS-1024x576.jpg 1024w, https:\/\/ceibabissau.com\/es\/wp-content\/uploads\/DESOVE-TORTUGAS-150x84.jpg 150w, https:\/\/ceibabissau.com\/es\/wp-content\/uploads\/DESOVE-TORTUGAS-768x432.jpg 768w, https:\/\/ceibabissau.com\/es\/wp-content\/uploads\/DESOVE-TORTUGAS-1200x675.jpg 1200w, https:\/\/ceibabissau.com\/es\/wp-content\/uploads\/DESOVE-TORTUGAS-600x337.jpg 600w, https:\/\/ceibabissau.com\/es\/wp-content\/uploads\/DESOVE-TORTUGAS-550x309.jpg 550w, https:\/\/ceibabissau.com\/es\/wp-content\/uploads\/DESOVE-TORTUGAS-370x208.jpg 370w, https:\/\/ceibabissau.com\/es\/wp-content\/uploads\/DESOVE-TORTUGAS-255x143.jpg 255w, https:\/\/ceibabissau.com\/es\/wp-content\/uploads\/DESOVE-TORTUGAS.jpg 1400w\" sizes=\"(max-width: 780px) 100vw, 780px\" \/><\/a>            <div class=\"overlay-label time-label featured-style\">\n                <div class=\"meta-item time\">\n                    <time class=\"published\" datetime=\"2023-03-25T06:46:32+00:00\">\n                        <span class=\"month\">Mar<\/span> <span class=\"day\">25<\/span>\n                    <\/time>\n                <\/div>\n            <\/div>        <\/div>\n    <div class=\"post-content\">\n        <header class=\"post-header\">            <div class=\"meta-wrap\">\t\t\t<div class=\"cat-links\"><a href=\"https:\/\/ceibabissau.com\/es\/category\/ceibabissau\/\" rel=\"tag\">CeibaBissau<\/a><\/div>            <\/div>    <h2 class=\"post-title\">\n        <a href=\"https:\/\/ceibabissau.com\/es\/el-espectaculo-anual-de-las-tortugas-marinas-de-guinea-bissau\/\">Espect\u00e1culo Natural<\/a>\n    <\/h2>        <\/header>\t\t<div class=\"post-excerpt\"><p>Puesta y Desove de Tortugas en las Playas de Guinea Bissau: Un Espect\u00e1culo Natural Introducci\u00f3n a un Milagro de la Naturaleza Las costas de Guinea &#8230;<\/p>\n<\/div>             <footer class=\"post-footer\">        <div class=\"more-btn\">\n            <a class=\"read-more-btn button cs-btn-underline\" href=\"https:\/\/ceibabissau.com\/es\/el-espectaculo-anual-de-las-tortugas-marinas-de-guinea-bissau\/\"><span>Leer M\u00e1s<\/span><\/a>\n        <\/div>            <\/footer>    <\/div>\n<\/article>\n\t\t\t\t<\/div>\t\t\t\t<\/div>\t\t\t\t<\/div>\n\t\t\t\t<\/div>\n\t\t\t\t\t<\/div>\n\t\t<\/div>\n\t\t\t\t\t<\/div>\n\t\t<\/section>\n\t\t\t\t<\/div>\n\t\t","protected":false},"excerpt":{"rendered":"<p>Nuestro Blog Descubre lo m\u00e1s reciente: noticias, eventos del hotel y art\u00edculos destacados en esta secci\u00f3n. Abr 28 CeibaBissau Carnavales: Diversidad y la Cultura Carnavales de Guinea Bissau: Un Espect\u00e1culo de Diversidad y Cultura Introducci\u00f3n a la Fiesta de Colores y Tradiciones Los carnavales en Guinea Bissau son una &#8230; Read More Abr 19 CeibaBissau &#8230;<\/p>\n","protected":false},"author":1,"featured_media":0,"parent":0,"menu_order":9,"comment_status":"closed","ping_status":"closed","template":"template-wide-content.php","meta":{"cozystay_single_page_hide_site_header":"","cozystay_single_page_site_header_source":"","cozystay_single_page_custom_site_header":"","cozystay_single_page_custom_sticky_site_header":"","cozystay_single_page_hide_page_title":"on","cozystay_single_page_header_section_size":"","cozystay_single_page_header_background_color":"","cozystay_single_page_header_background_position_x":"center","cozystay_single_page_header_background_position_y":"center","cozystay_single_page_header_background_size":"cover","cozystay_single_page_header_background_repeat":"off","cozystay_single_page_header_background_scroll":"on","cozystay_single_page_header_text_color":"","cozystay_single_page_header_show_breadcrumb":"","cozystay_single_page_site_footer_hide_main":"","cozystay_single_custom_site_footer_main_source":"","cozystay_single_custom_site_footer_main":"","cozystay_single_page_site_footer_hide_above":"","cozystay_single_custom_site_footer_above_source":"","cozystay_single_custom_site_footer_above":"","cozystay_single_page_site_footer_hide_instagram":"","cozystay_single_page_site_footer_hide_bottom":"","cozystay_single_custom_mobile_menu_source":"","cozystay_single_custom_mobile_menu":"","cozystay_single_custom_mobile_menu_animation":"","cozystay_single_custom_mobile_menu_width":"","cozystay_single_custom_mobile_menu_custom_width":375,"footnotes":""},"class_list":["post-20","page","type-page","status-publish","hentry"],"_links":{"self":[{"href":"https:\/\/ceibabissau.com\/es\/wp-json\/wp\/v2\/pages\/20","targetHints":{"allow":["GET"]}}],"collection":[{"href":"https:\/\/ceibabissau.com\/es\/wp-json\/wp\/v2\/pages"}],"about":[{"href":"https:\/\/ceibabissau.com\/es\/wp-json\/wp\/v2\/types\/page"}],"author":[{"embeddable":true,"href":"https:\/\/ceibabissau.com\/es\/wp-json\/wp\/v2\/users\/1"}],"replies":[{"embeddable":true,"href":"https:\/\/ceibabissau.com\/es\/wp-json\/wp\/v2\/comments?post=20"}],"version-history":[{"count":10,"href":"https:\/\/ceibabissau.com\/es\/wp-json\/wp\/v2\/pages\/20\/revisions"}],"predecessor-version":[{"id":5385,"href":"https:\/\/ceibabissau.com\/es\/wp-json\/wp\/v2\/pages\/20\/revisions\/5385"}],"wp:attachment":[{"href":"https:\/\/ceibabissau.com\/es\/wp-json\/wp\/v2\/media?parent=20"}],"curies":[{"name":"wp","href":"https:\/\/api.w.org\/{rel}","templated":true}]}}