{"id":5773,"date":"2025-01-17T11:44:39","date_gmt":"2025-01-17T11:44:39","guid":{"rendered":"https:\/\/ceibabissau.com\/es\/?page_id=5773"},"modified":"2025-01-17T16:26:41","modified_gmt":"2025-01-17T16:26:41","slug":"aviso-legal","status":"publish","type":"page","link":"https:\/\/ceibabissau.com\/es\/aviso-legal\/","title":{"rendered":"Aviso Legal"},"content":{"rendered":"\t\t<div data-elementor-type=\"wp-page\" data-elementor-id=\"5773\" class=\"elementor elementor-5773\">\n\t\t\t\t<div class=\"elementor-element elementor-element-6b7a36b e-con-full e-flex e-con e-parent\" data-id=\"6b7a36b\" data-element_type=\"container\" data-e-type=\"container\">\n\t\t\t\t<div class=\"elementor-element elementor-element-2a8cbae elementor-widget elementor-widget-image\" data-id=\"2a8cbae\" data-element_type=\"widget\" data-e-type=\"widget\" data-widget_type=\"image.default\">\n\t\t\t\t<div class=\"elementor-widget-container\">\n\t\t\t\t\t\t\t\t\t\t\t\t\t\t\t<img fetchpriority=\"high\" decoding=\"async\" width=\"1920\" height=\"1280\" src=\"https:\/\/ceibabissau.com\/es\/wp-content\/uploads\/hotel-ceiba-bissau-12.jpg\" class=\"attachment-2048x2048 size-2048x2048 wp-image-3468\" alt=\"\" srcset=\"https:\/\/ceibabissau.com\/es\/wp-content\/uploads\/hotel-ceiba-bissau-12.jpg 1920w, https:\/\/ceibabissau.com\/es\/wp-content\/uploads\/hotel-ceiba-bissau-12-300x200.jpg 300w, https:\/\/ceibabissau.com\/es\/wp-content\/uploads\/hotel-ceiba-bissau-12-1024x683.jpg 1024w, https:\/\/ceibabissau.com\/es\/wp-content\/uploads\/hotel-ceiba-bissau-12-150x100.jpg 150w, https:\/\/ceibabissau.com\/es\/wp-content\/uploads\/hotel-ceiba-bissau-12-768x512.jpg 768w, https:\/\/ceibabissau.com\/es\/wp-content\/uploads\/hotel-ceiba-bissau-12-1536x1024.jpg 1536w, https:\/\/ceibabissau.com\/es\/wp-content\/uploads\/hotel-ceiba-bissau-12-1440x960.jpg 1440w, https:\/\/ceibabissau.com\/es\/wp-content\/uploads\/hotel-ceiba-bissau-12-1200x800.jpg 1200w, https:\/\/ceibabissau.com\/es\/wp-content\/uploads\/hotel-ceiba-bissau-12-780x520.jpg 780w, https:\/\/ceibabissau.com\/es\/wp-content\/uploads\/hotel-ceiba-bissau-12-600x400.jpg 600w, https:\/\/ceibabissau.com\/es\/wp-content\/uploads\/hotel-ceiba-bissau-12-550x367.jpg 550w, https:\/\/ceibabissau.com\/es\/wp-content\/uploads\/hotel-ceiba-bissau-12-370x247.jpg 370w, https:\/\/ceibabissau.com\/es\/wp-content\/uploads\/hotel-ceiba-bissau-12-255x170.jpg 255w\" sizes=\"(max-width: 1920px) 100vw, 1920px\" \/>\t\t\t\t\t\t\t\t\t\t\t\t\t\t\t<\/div>\n\t\t\t\t<\/div>\n\t\t\t\t<\/div>\n\t\t<div class=\"elementor-element elementor-element-0f4c435 e-flex e-con-boxed e-con e-parent\" data-id=\"0f4c435\" data-element_type=\"container\" data-e-type=\"container\">\n\t\t\t\t\t<div class=\"e-con-inner\">\n\t\t\t\t<div class=\"elementor-element elementor-element-d693421 elementor-widget elementor-widget-cs_title\" data-id=\"d693421\" data-element_type=\"widget\" data-e-type=\"widget\" data-widget_type=\"cs_title.default\">\n\t\t\t\t<div class=\"elementor-widget-container\">\n\t\t\t\t\t\n        <div class=\"cs-title-wrap text-center\">\t            <div class=\"cs-subtitle-wrap\"><span class=\"cs-subtitle\">Temas Legales<\/span><\/div>\t            <h4 class=\"cs-title\">\n\t                Aviso sobre Cookies\t            <\/h4>\t            <div class=\"cs-title-text\">\n\t                <p style=\"text-align: left;\">\n    Este sitio web no utiliza cookies ni tecnolog\u00edas de rastreo para recopilar informaci\u00f3n de los usuarios. Las reservas realizadas a trav\u00e9s del bot\u00f3n de reservas son gestionadas por el sistema externo e-GDS&reg;, el cual opera de acuerdo con su propia <a href=\"https:\/\/secure.e-gds.com\/ceibahotel\/light\/\" target=\"_blank\">Pol\u00edtica de Cookies y Privacidad<\/a>. Para m\u00e1s informaci\u00f3n, puede consultar sus pol\u00edticas directamente en el sistema de reservas.\n<\/p>\n\n<h3 style=\"text-align: left;\">Aviso Legal<\/h3>\n<p style=\"text-align: left;\">\n    Este sitio web, <strong>www.ceibabissau.com<\/strong>, es operado y gestionado por el Hotel Ceiba Bissau, cuya actividad principal es la prestaci\u00f3n de servicios de alojamiento en Guinea-Bis\u00e1u.\n<\/p>\n\n<h3 style=\"text-align: left;\">1. Identificaci\u00f3n del Responsable<\/h3>\n<ul style=\"text-align: left;\">\n    <li><strong>Nombre:<\/strong> Hotel Ceiba Bissau<\/li>\n    <li><strong>Direcci\u00f3n F\u00edsica:<\/strong> Avenida Francisco Mendez, Bissau, Guinea-Bis\u00e1u<\/li>\n    <li><strong>Tel\u00e9fono de Contacto:<\/strong> +245 969 189 292<\/li>\n    <li><strong>Correo Electr\u00f3nico:<\/strong> <a href=\"mailto:reservations@ceibabissau.com\">reservations@ceibabissau.com<\/a><\/li>\n<\/ul>\n\n<h3 style=\"text-align: left;\">2. Objeto del Sitio Web<\/h3>\n<p style=\"text-align: left;\">\n    El prop\u00f3sito de este sitio web es proporcionar informaci\u00f3n sobre los servicios ofrecidos por el Hotel Ceiba Bissau, incluidos los servicios de alojamiento, instalaciones y promociones, y permitir el acceso al sistema de reservas externo gestionado por e-GDS&reg;.\n<\/p>\n\n<h3 style=\"text-align: left;\">3. Propiedad Intelectual<\/h3>\n<p style=\"text-align: left;\">\n    Todo el contenido presente en este sitio web, incluyendo textos, im\u00e1genes, logotipos, dise\u00f1os y otros elementos, es propiedad del Hotel Ceiba Bissau o de terceros que han autorizado su uso. Queda prohibida la reproducci\u00f3n, distribuci\u00f3n o modificaci\u00f3n de estos contenidos sin autorizaci\u00f3n previa por escrito.\n<\/p>\n\n<h3 style=\"text-align: left;\">4. Exenci\u00f3n de Responsabilidad<\/h3>\n<ul style=\"text-align: left;\">\n    <li><strong>Contenido:<\/strong> Aunque se hace un esfuerzo por mantener la informaci\u00f3n actualizada y precisa, el Hotel Ceiba Bissau no garantiza la exactitud o actualidad de los contenidos del sitio.<\/li>\n    <li><strong>Enlaces Externos:<\/strong> Este sitio incluye un enlace al sistema de reservas de e-GDS&reg;. El Hotel Ceiba Bissau no se responsabiliza por el contenido, pol\u00edticas o pr\u00e1cticas de dicha plataforma.<\/li>\n    <li><strong>Aspectos T\u00e9cnicos:<\/strong> No se garantiza que el sitio est\u00e9 libre de interrupciones o errores t\u00e9cnicos.<\/li>\n<\/ul>\n\n<h3 style=\"text-align: left;\">5. Protecci\u00f3n de Datos Personales<\/h3>\n<p style=\"text-align: left;\">\n    Este sitio web no recopila datos personales de los usuarios. La informaci\u00f3n proporcionada a trav\u00e9s del sistema de reservas es gestionada exclusivamente por e-GDS&reg; bajo su propia Pol\u00edtica de Privacidad, accesible desde el sistema de reservas.\n<\/p>\n\n<h3 style=\"text-align: left;\">6. Ley Aplicable y Jurisdicci\u00f3n<\/h3>\n<p style=\"text-align: left;\">\n    Este aviso legal se rige por la legislaci\u00f3n vigente en Guinea-Bis\u00e1u. Cualquier disputa relacionada con el uso de este sitio web ser\u00e1 sometida a los tribunales competentes de Guinea-Bis\u00e1u.\n<\/p>\t            <\/div>                <div class=\"cs-title-btn\">\n                    <a class=\"button elementor-button-link\" role=\"button\" href=\"https:\/\/ceibabissau.com\/es\">\n                        <span class=\"cs-btn-text\">IR A INICIO<\/span>                    <\/a>\n                <\/div>\n                    <\/div>\t\t\t\t<\/div>\n\t\t\t\t<\/div>\n\t\t\t\t\t<\/div>\n\t\t\t\t<\/div>\n\t\t\t\t<\/div>\n\t\t","protected":false},"excerpt":{"rendered":"<p>Temas Legales Aviso sobre Cookies Este sitio web no utiliza cookies ni tecnolog\u00edas de rastreo para recopilar informaci\u00f3n de los usuarios. Las reservas realizadas a trav\u00e9s del bot\u00f3n de reservas son gestionadas por el sistema externo e-GDS&reg;, el cual opera de acuerdo con su propia Pol\u00edtica de Cookies y Privacidad. Para m\u00e1s informaci\u00f3n, puede consultar &#8230;<\/p>\n","protected":false},"author":2,"featured_media":0,"parent":0,"menu_order":0,"comment_status":"closed","ping_status":"closed","template":"elementor_header_footer","meta":{"cozystay_single_page_hide_site_header":"","cozystay_single_page_site_header_source":"custom","cozystay_single_page_custom_site_header":"","cozystay_single_page_custom_sticky_site_header":"","cozystay_single_page_hide_page_title":"","cozystay_single_page_header_section_size":"","cozystay_single_page_header_background_color":"","cozystay_single_page_header_background_position_x":"center","cozystay_single_page_header_background_position_y":"center","cozystay_single_page_header_background_size":"cover","cozystay_single_page_header_background_repeat":"off","cozystay_single_page_header_background_scroll":"on","cozystay_single_page_header_text_color":"","cozystay_single_page_header_show_breadcrumb":"","cozystay_single_page_site_footer_hide_main":"","cozystay_single_custom_site_footer_main_source":"","cozystay_single_custom_site_footer_main":"","cozystay_single_page_site_footer_hide_above":"","cozystay_single_custom_site_footer_above_source":"","cozystay_single_custom_site_footer_above":"","cozystay_single_page_site_footer_hide_instagram":"","cozystay_single_page_site_footer_hide_bottom":"","cozystay_single_custom_mobile_menu_source":"","cozystay_single_custom_mobile_menu":"","cozystay_single_custom_mobile_menu_animation":"","cozystay_single_custom_mobile_menu_width":"","cozystay_single_custom_mobile_menu_custom_width":375,"footnotes":""},"class_list":["post-5773","page","type-page","status-publish","hentry"],"_links":{"self":[{"href":"https:\/\/ceibabissau.com\/es\/wp-json\/wp\/v2\/pages\/5773","targetHints":{"allow":["GET"]}}],"collection":[{"href":"https:\/\/ceibabissau.com\/es\/wp-json\/wp\/v2\/pages"}],"about":[{"href":"https:\/\/ceibabissau.com\/es\/wp-json\/wp\/v2\/types\/page"}],"author":[{"embeddable":true,"href":"https:\/\/ceibabissau.com\/es\/wp-json\/wp\/v2\/users\/2"}],"replies":[{"embeddable":true,"href":"https:\/\/ceibabissau.com\/es\/wp-json\/wp\/v2\/comments?post=5773"}],"version-history":[{"count":7,"href":"https:\/\/ceibabissau.com\/es\/wp-json\/wp\/v2\/pages\/5773\/revisions"}],"predecessor-version":[{"id":5781,"href":"https:\/\/ceibabissau.com\/es\/wp-json\/wp\/v2\/pages\/5773\/revisions\/5781"}],"wp:attachment":[{"href":"https:\/\/ceibabissau.com\/es\/wp-json\/wp\/v2\/media?parent=5773"}],"curies":[{"name":"wp","href":"https:\/\/api.w.org\/{rel}","templated":true}]}}