{"id":5650,"date":"2025-01-17T17:08:03","date_gmt":"2025-01-17T17:08:03","guid":{"rendered":"https:\/\/ceibabissau.com\/fr\/?page_id=5650"},"modified":"2025-01-17T17:20:03","modified_gmt":"2025-01-17T17:20:03","slug":"mentions-legales-2","status":"publish","type":"page","link":"https:\/\/ceibabissau.com\/fr\/mentions-legales-2\/","title":{"rendered":"MENTIONS L\u00c9GALES"},"content":{"rendered":"\t\t<div data-elementor-type=\"wp-page\" data-elementor-id=\"5650\" class=\"elementor elementor-5650\">\n\t\t\t\t<div class=\"elementor-element elementor-element-0fd55c4 e-con-full e-flex e-con e-parent\" data-id=\"0fd55c4\" data-element_type=\"container\" data-e-type=\"container\">\n\t\t\t\t<div class=\"elementor-element elementor-element-87d8327 elementor-widget elementor-widget-image\" data-id=\"87d8327\" data-element_type=\"widget\" data-e-type=\"widget\" data-widget_type=\"image.default\">\n\t\t\t\t<div class=\"elementor-widget-container\">\n\t\t\t\t\t\t\t\t\t\t\t\t\t\t\t<img fetchpriority=\"high\" decoding=\"async\" width=\"1920\" height=\"1280\" src=\"https:\/\/ceibabissau.com\/fr\/wp-content\/uploads\/hotel-ceiba-bissau-12.jpg\" class=\"attachment-2048x2048 size-2048x2048 wp-image-3468\" alt=\"\" srcset=\"https:\/\/ceibabissau.com\/fr\/wp-content\/uploads\/hotel-ceiba-bissau-12.jpg 1920w, https:\/\/ceibabissau.com\/fr\/wp-content\/uploads\/hotel-ceiba-bissau-12-300x200.jpg 300w, https:\/\/ceibabissau.com\/fr\/wp-content\/uploads\/hotel-ceiba-bissau-12-1024x683.jpg 1024w, https:\/\/ceibabissau.com\/fr\/wp-content\/uploads\/hotel-ceiba-bissau-12-150x100.jpg 150w, https:\/\/ceibabissau.com\/fr\/wp-content\/uploads\/hotel-ceiba-bissau-12-768x512.jpg 768w, https:\/\/ceibabissau.com\/fr\/wp-content\/uploads\/hotel-ceiba-bissau-12-1536x1024.jpg 1536w, https:\/\/ceibabissau.com\/fr\/wp-content\/uploads\/hotel-ceiba-bissau-12-1440x960.jpg 1440w, https:\/\/ceibabissau.com\/fr\/wp-content\/uploads\/hotel-ceiba-bissau-12-1200x800.jpg 1200w, https:\/\/ceibabissau.com\/fr\/wp-content\/uploads\/hotel-ceiba-bissau-12-780x520.jpg 780w, https:\/\/ceibabissau.com\/fr\/wp-content\/uploads\/hotel-ceiba-bissau-12-600x400.jpg 600w, https:\/\/ceibabissau.com\/fr\/wp-content\/uploads\/hotel-ceiba-bissau-12-550x367.jpg 550w, https:\/\/ceibabissau.com\/fr\/wp-content\/uploads\/hotel-ceiba-bissau-12-370x247.jpg 370w, https:\/\/ceibabissau.com\/fr\/wp-content\/uploads\/hotel-ceiba-bissau-12-255x170.jpg 255w\" sizes=\"(max-width: 1920px) 100vw, 1920px\" \/>\t\t\t\t\t\t\t\t\t\t\t\t\t\t\t<\/div>\n\t\t\t\t<\/div>\n\t\t\t\t<\/div>\n\t\t<div class=\"elementor-element elementor-element-2b4737c e-flex e-con-boxed e-con e-parent\" data-id=\"2b4737c\" data-element_type=\"container\" data-e-type=\"container\">\n\t\t\t\t\t<div class=\"e-con-inner\">\n\t\t\t\t<div class=\"elementor-element elementor-element-b789d8d elementor-widget elementor-widget-cs_title\" data-id=\"b789d8d\" data-element_type=\"widget\" data-e-type=\"widget\" data-widget_type=\"cs_title.default\">\n\t\t\t\t<div class=\"elementor-widget-container\">\n\t\t\t\t\t\n        <div class=\"cs-title-wrap text-center\">\t            <div class=\"cs-subtitle-wrap\"><span class=\"cs-subtitle\">QUESTIONS JURIDIQUES<\/span><\/div>\t            <h4 class=\"cs-title\">\n\t                Avis sur les Cookies\t            <\/h4>\t            <div class=\"cs-title-text\">\n\t                <p style=\"text-align: left;\">\n    Ce site n&#8217;utilise pas de cookies ni de technologies de suivi pour collecter des informations sur les utilisateurs. Les r\u00e9servations effectu\u00e9es via le bouton de r\u00e9servation sont g\u00e9r\u00e9es par le syst\u00e8me externe e-GDS&reg;, qui fonctionne conform\u00e9ment \u00e0 sa propre <a href=\"https:\/\/secure.e-gds.com\/ceibahotel\/light\/\" target=\"_blank\">Politique de Cookies et de Confidentialit\u00e9<\/a>. Pour plus d&#8217;informations, veuillez consulter les politiques directement sur le syst\u00e8me de r\u00e9servation.\n<\/p>\n\n<h3 style=\"text-align: left;\">Mentions L\u00e9gales<\/h3>\n<p style=\"text-align: left;\">\n    Ce site, <strong>www.ceibabissau.com<\/strong>, est exploit\u00e9 et g\u00e9r\u00e9 par l&#8217;H\u00f4tel Ceiba Bissau, dont l&#8217;activit\u00e9 principale est la prestation de services d&#8217;h\u00e9bergement en Guin\u00e9e-Bissau.\n<\/p>\n\n<h3 style=\"text-align: left;\">1. Identification du Responsable<\/h3>\n<ul style=\"text-align: left;\">\n    <li><strong>Nom :<\/strong> H\u00f4tel Ceiba Bissau<\/li>\n    <li><strong>Adresse Physique :<\/strong> Avenida Francisco Mendez, Bissau, Guin\u00e9e-Bissau<\/li>\n    <li><strong>T\u00e9l\u00e9phone de Contact :<\/strong> +245 969 189 292<\/li>\n    <li><strong>Email :<\/strong> <a href=\"mailto:reservations@ceibabissau.com\">reservations@ceibabissau.com<\/a><\/li>\n<\/ul>\n\n<h3 style=\"text-align: left;\">2. Objectif du Site<\/h3>\n<p style=\"text-align: left;\">\n    Ce site a pour objectif de fournir des informations sur les services propos\u00e9s par l&#8217;H\u00f4tel Ceiba Bissau, y compris les services d&#8217;h\u00e9bergement, les installations et les promotions, et de permettre l&#8217;acc\u00e8s au syst\u00e8me de r\u00e9servation externe g\u00e9r\u00e9 par e-GDS&reg;.\n<\/p>\n\n<h3 style=\"text-align: left;\">3. Propri\u00e9t\u00e9 Intellectuelle<\/h3>\n<p style=\"text-align: left;\">\n    Tout le contenu de ce site, y compris les textes, images, logos, designs et autres \u00e9l\u00e9ments, est la propri\u00e9t\u00e9 de l&#8217;H\u00f4tel Ceiba Bissau ou de tiers ayant autoris\u00e9 son utilisation. La reproduction, distribution ou modification de ces contenus est interdite sans autorisation pr\u00e9alable \u00e9crite.\n<\/p>\n\n<h3 style=\"text-align: left;\">4. Clause de Non-Responsabilit\u00e9<\/h3>\n<ul style=\"text-align: left;\">\n    <li><strong>Contenu :<\/strong> Bien que des efforts soient faits pour maintenir les informations \u00e0 jour et pr\u00e9cises, l&#8217;H\u00f4tel Ceiba Bissau ne garantit pas l&#8217;exactitude ou l&#8217;actualit\u00e9 du contenu du site.<\/li>\n    <li><strong>Liens Externes :<\/strong> Ce site inclut un lien vers le syst\u00e8me de r\u00e9servation e-GDS&reg;. L&#8217;H\u00f4tel Ceiba Bissau n&#8217;est pas responsable du contenu, des politiques ou des pratiques de cette plateforme.<\/li>\n    <li><strong>Aspects Techniques :<\/strong> Le site ne garantit pas d&#8217;\u00eatre exempt d&#8217;interruptions ou d&#8217;erreurs techniques.<\/li>\n<\/ul>\n\n<h3 style=\"text-align: left;\">5. Protection des Donn\u00e9es Personnelles<\/h3>\n<p style=\"text-align: left;\">\n    Ce site ne collecte pas de donn\u00e9es personnelles des utilisateurs. Les informations fournies via le syst\u00e8me de r\u00e9servation sont g\u00e9r\u00e9es exclusivement par e-GDS&reg; conform\u00e9ment \u00e0 sa propre Politique de Confidentialit\u00e9, accessible directement sur le syst\u00e8me de r\u00e9servation.\n<\/p>\n\n<h3 style=\"text-align: left;\">6. Droit Applicable et Juridiction<\/h3>\n<p style=\"text-align: left;\">\n    Ces mentions l\u00e9gales sont r\u00e9gies par la l\u00e9gislation en vigueur en Guin\u00e9e-Bissau. Tout litige li\u00e9 \u00e0 l&#8217;utilisation de ce site sera soumis aux tribunaux comp\u00e9tents de Guin\u00e9e-Bissau.\n<\/p>\t            <\/div>                <div class=\"cs-title-btn\">\n                    <a class=\"button elementor-button-link\" role=\"button\" href=\"https:\/\/ceibabissau.com\/fr\">\n                        <span class=\"cs-btn-text\">PAGE D'ACCUEIL<\/span>                    <\/a>\n                <\/div>\n                    <\/div>\t\t\t\t<\/div>\n\t\t\t\t<\/div>\n\t\t\t\t\t<\/div>\n\t\t\t\t<\/div>\n\t\t\t\t<\/div>\n\t\t","protected":false},"excerpt":{"rendered":"<p>QUESTIONS JURIDIQUES Avis sur les Cookies Ce site n&#8217;utilise pas de cookies ni de technologies de suivi pour collecter des informations sur les utilisateurs. Les r\u00e9servations effectu\u00e9es via le bouton de r\u00e9servation sont g\u00e9r\u00e9es par le syst\u00e8me externe e-GDS&reg;, qui fonctionne conform\u00e9ment \u00e0 sa propre Politique de Cookies et de Confidentialit\u00e9. Pour plus d&#8217;informations, veuillez &#8230;<\/p>\n","protected":false},"author":2,"featured_media":0,"parent":0,"menu_order":0,"comment_status":"closed","ping_status":"closed","template":"elementor_header_footer","meta":{"cozystay_single_page_hide_site_header":"","cozystay_single_page_site_header_source":"","cozystay_single_page_custom_site_header":"","cozystay_single_page_custom_sticky_site_header":"","cozystay_single_page_hide_page_title":"","cozystay_single_page_header_section_size":"","cozystay_single_page_header_background_color":"","cozystay_single_page_header_background_position_x":"center","cozystay_single_page_header_background_position_y":"center","cozystay_single_page_header_background_size":"cover","cozystay_single_page_header_background_repeat":"off","cozystay_single_page_header_background_scroll":"on","cozystay_single_page_header_text_color":"","cozystay_single_page_header_show_breadcrumb":"","cozystay_single_page_site_footer_hide_main":"","cozystay_single_custom_site_footer_main_source":"","cozystay_single_custom_site_footer_main":"","cozystay_single_page_site_footer_hide_above":"","cozystay_single_custom_site_footer_above_source":"","cozystay_single_custom_site_footer_above":"","cozystay_single_page_site_footer_hide_instagram":"","cozystay_single_page_site_footer_hide_bottom":"","cozystay_single_custom_mobile_menu_source":"","cozystay_single_custom_mobile_menu":"","cozystay_single_custom_mobile_menu_animation":"","cozystay_single_custom_mobile_menu_width":"","cozystay_single_custom_mobile_menu_custom_width":375,"footnotes":""},"class_list":["post-5650","page","type-page","status-publish","hentry"],"_links":{"self":[{"href":"https:\/\/ceibabissau.com\/fr\/wp-json\/wp\/v2\/pages\/5650","targetHints":{"allow":["GET"]}}],"collection":[{"href":"https:\/\/ceibabissau.com\/fr\/wp-json\/wp\/v2\/pages"}],"about":[{"href":"https:\/\/ceibabissau.com\/fr\/wp-json\/wp\/v2\/types\/page"}],"author":[{"embeddable":true,"href":"https:\/\/ceibabissau.com\/fr\/wp-json\/wp\/v2\/users\/2"}],"replies":[{"embeddable":true,"href":"https:\/\/ceibabissau.com\/fr\/wp-json\/wp\/v2\/comments?post=5650"}],"version-history":[{"count":5,"href":"https:\/\/ceibabissau.com\/fr\/wp-json\/wp\/v2\/pages\/5650\/revisions"}],"predecessor-version":[{"id":5657,"href":"https:\/\/ceibabissau.com\/fr\/wp-json\/wp\/v2\/pages\/5650\/revisions\/5657"}],"wp:attachment":[{"href":"https:\/\/ceibabissau.com\/fr\/wp-json\/wp\/v2\/media?parent=5650"}],"curies":[{"name":"wp","href":"https:\/\/api.w.org\/{rel}","templated":true}]}}