{"id":5675,"date":"2025-01-18T08:04:52","date_gmt":"2025-01-18T08:04:52","guid":{"rendered":"https:\/\/ceibabissau.com\/pt\/?page_id=5675"},"modified":"2025-01-18T08:44:07","modified_gmt":"2025-01-18T08:44:07","slug":"aviso-legal","status":"publish","type":"page","link":"https:\/\/ceibabissau.com\/pt\/aviso-legal\/","title":{"rendered":"AVISO LEGAL"},"content":{"rendered":"\t\t<div data-elementor-type=\"wp-page\" data-elementor-id=\"5675\" class=\"elementor elementor-5675\">\n\t\t\t\t<div class=\"elementor-element elementor-element-0961c21 e-con-full e-flex e-con e-parent\" data-id=\"0961c21\" data-element_type=\"container\" data-e-type=\"container\">\n\t\t\t\t<div class=\"elementor-element elementor-element-9592af6 elementor-widget elementor-widget-image\" data-id=\"9592af6\" data-element_type=\"widget\" data-e-type=\"widget\" data-widget_type=\"image.default\">\n\t\t\t\t<div class=\"elementor-widget-container\">\n\t\t\t\t\t\t\t\t\t\t\t\t\t\t\t<img fetchpriority=\"high\" decoding=\"async\" width=\"1920\" height=\"1280\" src=\"https:\/\/ceibabissau.com\/pt\/wp-content\/uploads\/hotel-ceiba-bissau-12.jpg\" class=\"attachment-2048x2048 size-2048x2048 wp-image-3468\" alt=\"\" srcset=\"https:\/\/ceibabissau.com\/pt\/wp-content\/uploads\/hotel-ceiba-bissau-12.jpg 1920w, https:\/\/ceibabissau.com\/pt\/wp-content\/uploads\/hotel-ceiba-bissau-12-300x200.jpg 300w, https:\/\/ceibabissau.com\/pt\/wp-content\/uploads\/hotel-ceiba-bissau-12-1024x683.jpg 1024w, https:\/\/ceibabissau.com\/pt\/wp-content\/uploads\/hotel-ceiba-bissau-12-150x100.jpg 150w, https:\/\/ceibabissau.com\/pt\/wp-content\/uploads\/hotel-ceiba-bissau-12-768x512.jpg 768w, https:\/\/ceibabissau.com\/pt\/wp-content\/uploads\/hotel-ceiba-bissau-12-1536x1024.jpg 1536w, https:\/\/ceibabissau.com\/pt\/wp-content\/uploads\/hotel-ceiba-bissau-12-1440x960.jpg 1440w, https:\/\/ceibabissau.com\/pt\/wp-content\/uploads\/hotel-ceiba-bissau-12-1200x800.jpg 1200w, https:\/\/ceibabissau.com\/pt\/wp-content\/uploads\/hotel-ceiba-bissau-12-780x520.jpg 780w, https:\/\/ceibabissau.com\/pt\/wp-content\/uploads\/hotel-ceiba-bissau-12-600x400.jpg 600w, https:\/\/ceibabissau.com\/pt\/wp-content\/uploads\/hotel-ceiba-bissau-12-550x367.jpg 550w, https:\/\/ceibabissau.com\/pt\/wp-content\/uploads\/hotel-ceiba-bissau-12-370x247.jpg 370w, https:\/\/ceibabissau.com\/pt\/wp-content\/uploads\/hotel-ceiba-bissau-12-255x170.jpg 255w\" sizes=\"(max-width: 1920px) 100vw, 1920px\" \/>\t\t\t\t\t\t\t\t\t\t\t\t\t\t\t<\/div>\n\t\t\t\t<\/div>\n\t\t\t\t<\/div>\n\t\t<div class=\"elementor-element elementor-element-be2e958 e-flex e-con-boxed e-con e-parent\" data-id=\"be2e958\" data-element_type=\"container\" data-e-type=\"container\">\n\t\t\t\t\t<div class=\"e-con-inner\">\n\t\t\t\t<div class=\"elementor-element elementor-element-6c7d461 elementor-widget elementor-widget-cs_title\" data-id=\"6c7d461\" data-element_type=\"widget\" data-e-type=\"widget\" data-widget_type=\"cs_title.default\">\n\t\t\t\t<div class=\"elementor-widget-container\">\n\t\t\t\t\t\n        <div class=\"cs-title-wrap text-center\">\t            <div class=\"cs-subtitle-wrap\"><span class=\"cs-subtitle\">QUEST\u00d5ES LEGAIS<\/span><\/div>\t            <h4 class=\"cs-title\">\n\t                Aviso sobre Cookies\t            <\/h4>\t            <div class=\"cs-title-text\">\n\t                \n<p style=\"text-align: left;\">\n    Este site n\u00e3o utiliza cookies ou tecnologias de rastreamento para coletar informa\u00e7\u00f5es dos usu\u00e1rios. As reservas realizadas atrav\u00e9s do bot\u00e3o de reservas s\u00e3o gerenciadas pelo sistema externo e-GDS&reg;, que opera de acordo com sua pr\u00f3pria <a href=\"https:\/\/secure.e-gds.com\/ceibahotel\/light\/\" target=\"_blank\">Pol\u00edtica de Cookies e Privacidade<\/a>. Para mais informa\u00e7\u00f5es, consulte as pol\u00edticas diretamente no sistema de reservas.\n<\/p>\n\n<h3 style=\"text-align: left;\">Aviso Legal<\/h3>\n<p style=\"text-align: left;\">\n    Este site, <strong>www.ceibabissau.com<\/strong>, \u00e9 operado e gerenciado pelo Hotel Ceiba Bissau, cuja atividade principal \u00e9 a presta\u00e7\u00e3o de servi\u00e7os de hospedagem na Guin\u00e9-Bissau.\n<\/p>\n\n<h3 style=\"text-align: left;\">1. Identifica\u00e7\u00e3o do Respons\u00e1vel<\/h3>\n<ul style=\"text-align: left;\">\n    <li><strong>Nome:<\/strong> Hotel Ceiba Bissau<\/li>\n    <li><strong>Endere\u00e7o F\u00edsico:<\/strong> Avenida Francisco Mendez, Bissau, Guin\u00e9-Bissau<\/li>\n    <li><strong>Telefone de Contato:<\/strong> +245 969 189 292<\/li>\n    <li><strong>Email:<\/strong> <a href=\"mailto:reservations@ceibabissau.com\">reservations@ceibabissau.com<\/a><\/li>\n<\/ul>\n\n<h3 style=\"text-align: left;\">2. Objetivo do Site<\/h3>\n<p style=\"text-align: left;\">\n    O objetivo deste site \u00e9 fornecer informa\u00e7\u00f5es sobre os servi\u00e7os oferecidos pelo Hotel Ceiba Bissau, incluindo servi\u00e7os de hospedagem, instala\u00e7\u00f5es e promo\u00e7\u00f5es, al\u00e9m de permitir o acesso ao sistema de reservas externo gerenciado pelo e-GDS&reg;.\n<\/p>\n\n<h3 style=\"text-align: left;\">3. Propriedade Intelectual<\/h3>\n<p style=\"text-align: left;\">\n    Todo o conte\u00fado presente neste site, incluindo textos, imagens, logotipos, designs e outros elementos, \u00e9 propriedade do Hotel Ceiba Bissau ou de terceiros que autorizaram seu uso. \u00c9 proibida a reprodu\u00e7\u00e3o, distribui\u00e7\u00e3o ou modifica\u00e7\u00e3o desses conte\u00fados sem autoriza\u00e7\u00e3o pr\u00e9via por escrito.\n<\/p>\n\n<h3 style=\"text-align: left;\">4. Isen\u00e7\u00e3o de Responsabilidade<\/h3>\n<ul style=\"text-align: left;\">\n    <li><strong>Conte\u00fado:<\/strong> Embora se fa\u00e7a um esfor\u00e7o para manter as informa\u00e7\u00f5es atualizadas e precisas, o Hotel Ceiba Bissau n\u00e3o garante a exatid\u00e3o ou atualidade do conte\u00fado do site.<\/li>\n    <li><strong>Links Externos:<\/strong> Este site inclui um link para o sistema de reservas do e-GDS&reg;. O Hotel Ceiba Bissau n\u00e3o se responsabiliza pelo conte\u00fado, pol\u00edticas ou pr\u00e1ticas dessa plataforma.<\/li>\n    <li><strong>Aspectos T\u00e9cnicos:<\/strong> N\u00e3o \u00e9 garantido que o site esteja livre de interrup\u00e7\u00f5es ou erros t\u00e9cnicos.<\/li>\n<\/ul>\n\n<h3 style=\"text-align: left;\">5. Prote\u00e7\u00e3o de Dados Pessoais<\/h3>\n<p style=\"text-align: left;\">\n    Este site n\u00e3o coleta dados pessoais dos usu\u00e1rios. As informa\u00e7\u00f5es fornecidas atrav\u00e9s do sistema de reservas s\u00e3o gerenciadas exclusivamente pelo e-GDS&reg; sob sua pr\u00f3pria Pol\u00edtica de Privacidade, acess\u00edvel diretamente no sistema de reservas.\n<\/p>\n\n<h3 style=\"text-align: left;\">6. Lei Aplic\u00e1vel e Jurisdi\u00e7\u00e3o<\/h3>\n<p style=\"text-align: left;\">\n    Este aviso legal \u00e9 regido pela legisla\u00e7\u00e3o vigente na Guin\u00e9-Bissau. Qualquer disputa relacionada ao uso deste site ser\u00e1 submetida aos tribunais competentes da Guin\u00e9-Bissau.\n<\/p>\t            <\/div>                <div class=\"cs-title-btn\">\n                    <a class=\"button elementor-button-link\" role=\"button\" href=\"https:\/\/ceibabissau.com\/pt\/\">\n                        <span class=\"cs-btn-text\">HOME<\/span>                    <\/a>\n                <\/div>\n                    <\/div>\t\t\t\t<\/div>\n\t\t\t\t<\/div>\n\t\t\t\t\t<\/div>\n\t\t\t\t<\/div>\n\t\t\t\t<\/div>\n\t\t","protected":false},"excerpt":{"rendered":"<p>QUEST\u00d5ES LEGAIS Aviso sobre Cookies Este site n\u00e3o utiliza cookies ou tecnologias de rastreamento para coletar informa\u00e7\u00f5es dos usu\u00e1rios. As reservas realizadas atrav\u00e9s do bot\u00e3o de reservas s\u00e3o gerenciadas pelo sistema externo e-GDS&reg;, que opera de acordo com sua pr\u00f3pria Pol\u00edtica de Cookies e Privacidade. Para mais informa\u00e7\u00f5es, consulte as pol\u00edticas diretamente no sistema de &#8230;<\/p>\n","protected":false},"author":2,"featured_media":0,"parent":0,"menu_order":0,"comment_status":"closed","ping_status":"closed","template":"elementor_header_footer","meta":{"cozystay_single_page_hide_site_header":"","cozystay_single_page_site_header_source":"","cozystay_single_page_custom_site_header":"","cozystay_single_page_custom_sticky_site_header":"","cozystay_single_page_hide_page_title":"","cozystay_single_page_header_section_size":"","cozystay_single_page_header_background_color":"","cozystay_single_page_header_background_position_x":"center","cozystay_single_page_header_background_position_y":"center","cozystay_single_page_header_background_size":"cover","cozystay_single_page_header_background_repeat":"off","cozystay_single_page_header_background_scroll":"on","cozystay_single_page_header_text_color":"","cozystay_single_page_header_show_breadcrumb":"","cozystay_single_page_site_footer_hide_main":"","cozystay_single_custom_site_footer_main_source":"","cozystay_single_custom_site_footer_main":"","cozystay_single_page_site_footer_hide_above":"","cozystay_single_custom_site_footer_above_source":"","cozystay_single_custom_site_footer_above":"","cozystay_single_page_site_footer_hide_instagram":"","cozystay_single_page_site_footer_hide_bottom":"","cozystay_single_custom_mobile_menu_source":"","cozystay_single_custom_mobile_menu":"","cozystay_single_custom_mobile_menu_animation":"","cozystay_single_custom_mobile_menu_width":"","cozystay_single_custom_mobile_menu_custom_width":375,"footnotes":""},"class_list":["post-5675","page","type-page","status-publish","hentry"],"_links":{"self":[{"href":"https:\/\/ceibabissau.com\/pt\/wp-json\/wp\/v2\/pages\/5675","targetHints":{"allow":["GET"]}}],"collection":[{"href":"https:\/\/ceibabissau.com\/pt\/wp-json\/wp\/v2\/pages"}],"about":[{"href":"https:\/\/ceibabissau.com\/pt\/wp-json\/wp\/v2\/types\/page"}],"author":[{"embeddable":true,"href":"https:\/\/ceibabissau.com\/pt\/wp-json\/wp\/v2\/users\/2"}],"replies":[{"embeddable":true,"href":"https:\/\/ceibabissau.com\/pt\/wp-json\/wp\/v2\/comments?post=5675"}],"version-history":[{"count":4,"href":"https:\/\/ceibabissau.com\/pt\/wp-json\/wp\/v2\/pages\/5675\/revisions"}],"predecessor-version":[{"id":5680,"href":"https:\/\/ceibabissau.com\/pt\/wp-json\/wp\/v2\/pages\/5675\/revisions\/5680"}],"wp:attachment":[{"href":"https:\/\/ceibabissau.com\/pt\/wp-json\/wp\/v2\/media?parent=5675"}],"curies":[{"name":"wp","href":"https:\/\/api.w.org\/{rel}","templated":true}]}}